{"id":4354,"date":"2023-04-09T11:25:13","date_gmt":"2023-04-09T11:25:13","guid":{"rendered":"https:\/\/www.cmspurisol.ci\/?post_type=product&#038;p=4354"},"modified":"2023-05-19T16:52:29","modified_gmt":"2023-05-19T16:52:29","slug":"savon-papaye-menthole","status":"publish","type":"product","link":"https:\/\/www.cmspurisol.ci\/fr_fr\/product\/savon-papaye-menthole\/","title":{"rendered":"Savon Papaye Menthol\u00e9"},"content":{"rendered":"<p>Le <strong>Savon Papaye Menthol\u00e9<\/strong> est un savon antiseptique menthol\u00e9 riche en vitamine A et E. Il nettoie votre peau en profondeur, la prot\u00e8ge et vous procure une sensation de bien \u00eatre.<\/p>\n<p>Composition : <strong>Papaye, eau, menthol<\/strong><\/p>\n<p>Conditionnement : <strong>Carton<\/strong><\/p>\n<p>Poids\/contenance : <strong>250 g<\/strong><\/p>\n<p>&nbsp;<\/p>\n","protected":false},"excerpt":{"rendered":"<p>Le <strong>Savon Menthol\u00e9 Papaye<\/strong> est un savon antiseptique menthol\u00e9 riche en vitamine A et E.<\/p>\n","protected":false},"featured_media":4355,"template":"","meta":[],"product_brand":[],"product_cat":[52],"product_tag":[],"class_list":{"0":"post-4354","1":"product","2":"type-product","3":"status-publish","4":"has-post-thumbnail","6":"product_cat-cosmetique","8":"first","9":"instock","10":"shipping-taxable","11":"purchasable","12":"product-type-simple"},"_links":{"self":[{"href":"https:\/\/www.cmspurisol.ci\/fr_fr\/wp-json\/wp\/v2\/product\/4354","targetHints":{"allow":["GET"]}}],"collection":[{"href":"https:\/\/www.cmspurisol.ci\/fr_fr\/wp-json\/wp\/v2\/product"}],"about":[{"href":"https:\/\/www.cmspurisol.ci\/fr_fr\/wp-json\/wp\/v2\/types\/product"}],"wp:featuredmedia":[{"embeddable":true,"href":"https:\/\/www.cmspurisol.ci\/fr_fr\/wp-json\/wp\/v2\/media\/4355"}],"wp:attachment":[{"href":"https:\/\/www.cmspurisol.ci\/fr_fr\/wp-json\/wp\/v2\/media?parent=4354"}],"wp:term":[{"taxonomy":"product_brand","embeddable":true,"href":"https:\/\/www.cmspurisol.ci\/fr_fr\/wp-json\/wp\/v2\/product_brand?post=4354"},{"taxonomy":"product_cat","embeddable":true,"href":"https:\/\/www.cmspurisol.ci\/fr_fr\/wp-json\/wp\/v2\/product_cat?post=4354"},{"taxonomy":"product_tag","embeddable":true,"href":"https:\/\/www.cmspurisol.ci\/fr_fr\/wp-json\/wp\/v2\/product_tag?post=4354"}],"curies":[{"name":"wp","href":"https:\/\/api.w.org\/{rel}","templated":true}]}}