{"id":4352,"date":"2023-04-09T11:08:20","date_gmt":"2023-04-09T11:08:20","guid":{"rendered":"https:\/\/www.cmspurisol.ci\/?post_type=product&#038;p=4352"},"modified":"2023-05-19T16:54:09","modified_gmt":"2023-05-19T16:54:09","slug":"karibio-coco-30ml","status":"publish","type":"product","link":"https:\/\/www.cmspurisol.ci\/fr_fr\/product\/karibio-coco-30ml\/","title":{"rendered":"Karibio Coco 30 ml"},"content":{"rendered":"<p><strong>Karibio Coco<\/strong> est une huile de massage apaisante.<\/p>\n<ul>\n<li>Combat les mycoses.<\/li>\n<li>Nettoie la peau.<\/li>\n<li>\u00c9limine les tiques.<\/li>\n<li>Combat les vergetures<\/li>\n<li>\u00c9limine les verrues et grains de beaut\u00e9.<\/li>\n<li>Peut aussi \u00eatre utilis\u00e9e en tant que soin de gommage.<\/li>\n<li>\u00c9limine les pellicules.<\/li>\n<li>Un traitement antiride : appliquez Karibio Coco aux endroits o\u00f9 vous avez des rides, pour les r\u00e9duire et r\u00e9hydrater votre peau.<\/li>\n<li>Soigne les maux de gorge : Karibio coco est un traitement efficace contre les maux de gorge, car elle la recouvre d&rsquo;une couche protectrice. Par ailleurs, elle am\u00e9liore l&rsquo;\u00e9tat des muqueuses et combat toute autre infection.<\/li>\n<li>\u00c9limine les teignes : appliquez Karibio Coco sur les zones infect\u00e9es de la peau. Cela \u00e9limine les champignons g\u00e9n\u00e9rateurs des teignes.<\/li>\n<li>Un baume pour les l\u00e8vres : Karibio Coco hydrate et prot\u00e8ge les l\u00e8vres. Elle sert m\u00eame de protection contre le soleil.<\/li>\n<li>Un lubrifiant efficace et naturel pour vos moments intimes.<\/li>\n<li>Enl\u00e8ve le chewing-gum<\/li>\n<li>Pour la sant\u00e9 de vos animaux domestiques : Karibio Coco peut avoir de nombreuses utilisations pour vos animaux domestiques, que ce soit en usage externe ou interne. Karibio coco rafra\u00eechit l&rsquo;haleine, fait briller le pelage, soulage les articulations, nettoie les oreilles, combat les puces et bien plus encore. \u00c9limine les orgelets et les conjonctivites. Appliquez une petite quantit\u00e9 de Karibio Coco \u00e0 m\u00eame l&rsquo;orgelet ou sur le contour.<\/li>\n<\/ul>\n<p>Conditionnement : <strong>Flacon<\/strong><\/p>\n<p>Poids\/contenance : <strong>30 ml<\/strong><\/p>\n","protected":false},"excerpt":{"rendered":"<p><strong>Karibio Coco<\/strong> est une huile de massage apaisante qui combat les mycoses, nettoie la peau.<\/p>\n","protected":false},"featured_media":4485,"template":"","meta":[],"product_brand":[],"product_cat":[52],"product_tag":[],"class_list":{"0":"post-4352","1":"product","2":"type-product","3":"status-publish","4":"has-post-thumbnail","6":"product_cat-cosmetique","8":"first","9":"instock","10":"shipping-taxable","11":"purchasable","12":"product-type-simple"},"_links":{"self":[{"href":"https:\/\/www.cmspurisol.ci\/fr_fr\/wp-json\/wp\/v2\/product\/4352","targetHints":{"allow":["GET"]}}],"collection":[{"href":"https:\/\/www.cmspurisol.ci\/fr_fr\/wp-json\/wp\/v2\/product"}],"about":[{"href":"https:\/\/www.cmspurisol.ci\/fr_fr\/wp-json\/wp\/v2\/types\/product"}],"wp:featuredmedia":[{"embeddable":true,"href":"https:\/\/www.cmspurisol.ci\/fr_fr\/wp-json\/wp\/v2\/media\/4485"}],"wp:attachment":[{"href":"https:\/\/www.cmspurisol.ci\/fr_fr\/wp-json\/wp\/v2\/media?parent=4352"}],"wp:term":[{"taxonomy":"product_brand","embeddable":true,"href":"https:\/\/www.cmspurisol.ci\/fr_fr\/wp-json\/wp\/v2\/product_brand?post=4352"},{"taxonomy":"product_cat","embeddable":true,"href":"https:\/\/www.cmspurisol.ci\/fr_fr\/wp-json\/wp\/v2\/product_cat?post=4352"},{"taxonomy":"product_tag","embeddable":true,"href":"https:\/\/www.cmspurisol.ci\/fr_fr\/wp-json\/wp\/v2\/product_tag?post=4352"}],"curies":[{"name":"wp","href":"https:\/\/api.w.org\/{rel}","templated":true}]}}