{"id":4350,"date":"2023-04-09T10:58:35","date_gmt":"2023-04-09T10:58:35","guid":{"rendered":"https:\/\/www.cmspurisol.ci\/?post_type=product&#038;p=4350"},"modified":"2023-05-19T16:56:04","modified_gmt":"2023-05-19T16:56:04","slug":"karibio-menthole-100g","status":"publish","type":"product","link":"https:\/\/www.cmspurisol.ci\/fr_fr\/product\/karibio-menthole-100g\/","title":{"rendered":"Karibio Menthol\u00e9 100g"},"content":{"rendered":"<p><strong>Karibio Menthol\u00e9<\/strong> est un produit de massage tr\u00e8s efficace contre la fatigue g\u00e9n\u00e9rale et les douleurs musculaires.<\/p>\n<p><strong>Utilisation <\/strong><\/p>\n<p>2 fois par jour (matin et soir) sur les parties douloureuses.<\/p>\n<p><strong>Composition<\/strong><\/p>\n<p>Beurre de karit\u00e9 + menthol<\/p>\n<p>Conditionnement : <strong>Autre<\/strong><\/p>\n<p>Poids\/contenance : <strong>100 g<\/strong><\/p>\n","protected":false},"excerpt":{"rendered":"<p><strong>Karibio Menthol\u00e9<\/strong> est un produit de massage tr\u00e8s efficace contre la fatigue g\u00e9n\u00e9rale et les douleurs musculaires.<\/p>\n","protected":false},"featured_media":4351,"template":"","meta":[],"product_brand":[],"product_cat":[52],"product_tag":[],"class_list":{"0":"post-4350","1":"product","2":"type-product","3":"status-publish","4":"has-post-thumbnail","6":"product_cat-cosmetique","8":"first","9":"instock","10":"shipping-taxable","11":"purchasable","12":"product-type-simple"},"_links":{"self":[{"href":"https:\/\/www.cmspurisol.ci\/fr_fr\/wp-json\/wp\/v2\/product\/4350","targetHints":{"allow":["GET"]}}],"collection":[{"href":"https:\/\/www.cmspurisol.ci\/fr_fr\/wp-json\/wp\/v2\/product"}],"about":[{"href":"https:\/\/www.cmspurisol.ci\/fr_fr\/wp-json\/wp\/v2\/types\/product"}],"wp:featuredmedia":[{"embeddable":true,"href":"https:\/\/www.cmspurisol.ci\/fr_fr\/wp-json\/wp\/v2\/media\/4351"}],"wp:attachment":[{"href":"https:\/\/www.cmspurisol.ci\/fr_fr\/wp-json\/wp\/v2\/media?parent=4350"}],"wp:term":[{"taxonomy":"product_brand","embeddable":true,"href":"https:\/\/www.cmspurisol.ci\/fr_fr\/wp-json\/wp\/v2\/product_brand?post=4350"},{"taxonomy":"product_cat","embeddable":true,"href":"https:\/\/www.cmspurisol.ci\/fr_fr\/wp-json\/wp\/v2\/product_cat?post=4350"},{"taxonomy":"product_tag","embeddable":true,"href":"https:\/\/www.cmspurisol.ci\/fr_fr\/wp-json\/wp\/v2\/product_tag?post=4350"}],"curies":[{"name":"wp","href":"https:\/\/api.w.org\/{rel}","templated":true}]}}