{"id":4347,"date":"2023-04-09T10:48:22","date_gmt":"2023-04-09T10:48:22","guid":{"rendered":"https:\/\/www.cmspurisol.ci\/?post_type=product&#038;p=4347"},"modified":"2026-03-20T21:00:37","modified_gmt":"2026-03-20T21:00:37","slug":"purisol-insecticide-bio","status":"publish","type":"product","link":"https:\/\/www.cmspurisol.ci\/fr_fr\/product\/purisol-insecticide-bio\/","title":{"rendered":"Purisol Insecticide Bio"},"content":{"rendered":"<p><strong>Purisol Insecticide Bio<\/strong> est un stimulateur de croissance con\u00e7u pour prot\u00e9ger et stimuler les plantes. Il est principalement efficace contre :<\/p>\n<ul>\n<li>Les pucerons<\/li>\n<li>Les mouches blanches<\/li>\n<li>Les acariens<\/li>\n<\/ul>\n<p>Il est sans danger pour l\u2019homme et son environnement.<\/p>\n<p><strong>NB :<\/strong><\/p>\n<p>Il peut \u00eatre combin\u00e9 avec le <strong>Purisol Foliaire<\/strong> et autres fongicides.<\/p>\n<p>Vendu en bidon de 500 ml<\/p>\n<p><strong>Utilisation<\/strong><\/p>\n<p>6 bouchons de Purisol Insecticide Bio m\u00e9lang\u00e9 \u00e0 15 litres d\u2019eau et pulv\u00e9riser sur les feuilles des plantes.<\/p>\n<p><strong>P\u00e9riode d\u2019emploi<\/strong><\/p>\n<p>Toute l\u2019ann\u00e9e favorable<\/p>\n<p><strong>Composition \u00a0<\/strong><\/p>\n<p>Extrait de plante Solubilit\u00e9 100% Action moyennement rapide<\/p>\n<p><em>Doses d\u2019action<\/em><\/p>\n<p><strong>Applications\u00a0\u00a0<\/strong><\/p>\n<p><em>Doses<\/em><\/p>\n<p><strong>En entretien et pr\u00e9vention :<\/strong> 6 bouchons pour 15 litres d\u2019eau<\/p>\n<p><strong>En traitement curatif<\/strong> : 8 bouchons pour 15 litres d\u2019eau<\/p>\n<p>Conditionnement : <strong>Pot<\/strong><\/p>\n<p>Poids\/contenance : <strong>500 ml<\/strong><\/p>\n","protected":false},"excerpt":{"rendered":"<p><strong>Purisol Insecticide Bio<\/strong> est un stimulateur de croissance con\u00e7u pour prot\u00e9ger et stimuler les plantes.<\/p>\n","protected":false},"featured_media":4549,"template":"","meta":[],"product_brand":[],"product_cat":[69],"product_tag":[],"class_list":{"0":"post-4347","1":"product","2":"type-product","3":"status-publish","4":"has-post-thumbnail","6":"product_cat-engrais-bio","8":"first","9":"instock","10":"shipping-taxable","11":"purchasable","12":"product-type-simple"},"_links":{"self":[{"href":"https:\/\/www.cmspurisol.ci\/fr_fr\/wp-json\/wp\/v2\/product\/4347","targetHints":{"allow":["GET"]}}],"collection":[{"href":"https:\/\/www.cmspurisol.ci\/fr_fr\/wp-json\/wp\/v2\/product"}],"about":[{"href":"https:\/\/www.cmspurisol.ci\/fr_fr\/wp-json\/wp\/v2\/types\/product"}],"wp:featuredmedia":[{"embeddable":true,"href":"https:\/\/www.cmspurisol.ci\/fr_fr\/wp-json\/wp\/v2\/media\/4549"}],"wp:attachment":[{"href":"https:\/\/www.cmspurisol.ci\/fr_fr\/wp-json\/wp\/v2\/media?parent=4347"}],"wp:term":[{"taxonomy":"product_brand","embeddable":true,"href":"https:\/\/www.cmspurisol.ci\/fr_fr\/wp-json\/wp\/v2\/product_brand?post=4347"},{"taxonomy":"product_cat","embeddable":true,"href":"https:\/\/www.cmspurisol.ci\/fr_fr\/wp-json\/wp\/v2\/product_cat?post=4347"},{"taxonomy":"product_tag","embeddable":true,"href":"https:\/\/www.cmspurisol.ci\/fr_fr\/wp-json\/wp\/v2\/product_tag?post=4347"}],"curies":[{"name":"wp","href":"https:\/\/api.w.org\/{rel}","templated":true}]}}