{"id":4344,"date":"2023-04-09T10:17:13","date_gmt":"2023-04-09T10:17:13","guid":{"rendered":"https:\/\/www.cmspurisol.ci\/?post_type=product&#038;p=4344"},"modified":"2023-05-20T14:05:36","modified_gmt":"2023-05-20T14:05:36","slug":"purisol-manioc","status":"publish","type":"product","link":"https:\/\/www.cmspurisol.ci\/fr_fr\/product\/purisol-manioc\/","title":{"rendered":"Purisol Manioc"},"content":{"rendered":"<p><strong>Purisol manioc<\/strong> est un engrais de croissance et de maximisation de production, con\u00e7u sp\u00e9cialement pour la production du manioc.<\/p>\n<p>Il peut aussi \u00eatre utilis\u00e9 pour la production des tubercules.<\/p>\n<ul>\n<li>Il apporte tous les \u00e9l\u00e9ments nutritifs.<\/li>\n<li>Il augmente consid\u00e9rablement le tonnage du manioc.<\/li>\n<li>Il enrichit durablement le sol.<\/li>\n<\/ul>\n<p>Vendu en bidon de 500 ml<\/p>\n<p><strong>Utilisation\u00a0<\/strong><\/p>\n<p>3 bouchons pour 16 litres d\u2019eau et mettre\u00a0 150 ml \u00e0 300 ml sous la plante \u00e0 partir de 2 \u00e0 3 mois apr\u00e8s semis 2 fois par cycle de production.<\/p>\n<p><strong>P\u00e9riode d\u2019emploi<\/strong><\/p>\n<p>Toute l\u2019ann\u00e9e, cependant la p\u00e9riode des saisons des pluies est plus conseill\u00e9e.<\/p>\n<p><strong>Composition\u00a0 <\/strong><\/p>\n<p>D\u00e9bris v\u00e9g\u00e9taux + Oligo-\u00e9l\u00e9ment<\/p>\n<p><em>Doses d\u2019action\u00a0 <\/em><\/p>\n<p><strong>Applications<\/strong><\/p>\n<p><em>Doses <\/em><\/p>\n<p><strong>En entretien :<\/strong> 3 bouchons pour 16 litres d\u2019eau<\/p>\n<p><strong>En traitement :<\/strong> 3 bouchons pour 16 litres d\u2019eau<\/p>\n<p>Conditionnement : <strong>Pot<\/strong><\/p>\n<p>Poids\/contenance : <strong>500 ml<\/strong><\/p>\n","protected":false},"excerpt":{"rendered":"<p><strong>Purisol manioc<\/strong> est un engrais de croissance et de maximisation de production, con\u00e7u sp\u00e9cialement pour la production du manioc.<\/p>\n","protected":false},"featured_media":0,"template":"","meta":[],"product_brand":[],"product_cat":[69],"product_tag":[],"class_list":{"0":"post-4344","1":"product","2":"type-product","3":"status-publish","5":"product_cat-engrais-bio","7":"first","8":"instock","9":"shipping-taxable","10":"purchasable","11":"product-type-simple"},"_links":{"self":[{"href":"https:\/\/www.cmspurisol.ci\/fr_fr\/wp-json\/wp\/v2\/product\/4344","targetHints":{"allow":["GET"]}}],"collection":[{"href":"https:\/\/www.cmspurisol.ci\/fr_fr\/wp-json\/wp\/v2\/product"}],"about":[{"href":"https:\/\/www.cmspurisol.ci\/fr_fr\/wp-json\/wp\/v2\/types\/product"}],"wp:attachment":[{"href":"https:\/\/www.cmspurisol.ci\/fr_fr\/wp-json\/wp\/v2\/media?parent=4344"}],"wp:term":[{"taxonomy":"product_brand","embeddable":true,"href":"https:\/\/www.cmspurisol.ci\/fr_fr\/wp-json\/wp\/v2\/product_brand?post=4344"},{"taxonomy":"product_cat","embeddable":true,"href":"https:\/\/www.cmspurisol.ci\/fr_fr\/wp-json\/wp\/v2\/product_cat?post=4344"},{"taxonomy":"product_tag","embeddable":true,"href":"https:\/\/www.cmspurisol.ci\/fr_fr\/wp-json\/wp\/v2\/product_tag?post=4344"}],"curies":[{"name":"wp","href":"https:\/\/api.w.org\/{rel}","templated":true}]}}