{"id":3721,"date":"2020-01-22T03:36:09","date_gmt":"2020-01-22T03:36:09","guid":{"rendered":"https:\/\/goya.everthemes.com\/demo-fashion\/?post_type=product&#038;p=3721"},"modified":"2026-03-20T21:27:35","modified_gmt":"2026-03-20T21:27:35","slug":"purisol530","status":"publish","type":"product","link":"https:\/\/www.cmspurisol.ci\/fr_fr\/product\/purisol530\/","title":{"rendered":"Purisol 530"},"content":{"rendered":"<p><strong>Purisol 530<\/strong> est un engrais de croissance et de maximisation de production.<\/p>\n<ul>\n<li>Il apporte tous les \u00e9l\u00e9ments nutritifs.<\/li>\n<li>Il enrichit durablement le sol.<\/li>\n<\/ul>\n<p>Vendu en bidon de 500 ml<\/p>\n<p><strong>Utilisation<\/strong><\/p>\n<p>1 bouchon de Purisol 530, m\u00e9langer \u00e0 15 litres d\u2019eau et mettre de 100 ml \u00e0 300 ml selon l\u2019\u00e2ge de la plante.<\/p>\n<ul>\n<li>De 0 \u00e0 1 an : 100 ml ;<\/li>\n<li>De 1 \u00e0 2 ans : 200 ml ;<\/li>\n<li>De 2 \u00e0 3 ans et plus : 300 ml<\/li>\n<\/ul>\n<p><strong>P\u00e9riode d\u2019emploi<\/strong><\/p>\n<p>Toute l\u2019ann\u00e9e, cependant la p\u00e9riode des saisons des pluies est plus conseill\u00e9e.<\/p>\n<p><strong>Composition<\/strong><\/p>\n<p>D\u00e9bris v\u00e9g\u00e9taux + Oligo-\u00e9l\u00e9ment. Doses d\u2019action<\/p>\n<p><strong>Applications\u00a0\u00a0\u00a0\u00a0\u00a0\u00a0\u00a0\u00a0\u00a0\u00a0\u00a0\u00a0\u00a0\u00a0\u00a0\u00a0\u00a0\u00a0\u00a0\u00a0\u00a0\u00a0\u00a0\u00a0\u00a0\u00a0\u00a0\u00a0\u00a0 <\/strong><\/p>\n<p><em>Doses\u00a0:<\/em><\/p>\n<p><strong>En entretien\u00a0:<\/strong> 3 bouchons pour 15 litres d\u2019eau une fois tous les trois mois<\/p>\n<p><strong>En traitement de carence :<\/strong> 3 bouchons pour 15 litres d\u2019eau une fois tous les trois mois<\/p>\n<p>Produit utilisable en agriculture biologique<\/p>\n<p>Conditionnement : <strong>Pot<\/strong><\/p>\n<p>Poids\/contenance : <strong>500 ml<\/strong><\/p>\n","protected":false},"excerpt":{"rendered":"[video width=\"360\" height=\"640\" mp4=\"https:\/\/www.cmspurisol.ci\/wp-content\/uploads\/2020\/01\/VID-20260121-WA0004.mp4\"][\/video]\n<p><strong>Purisol 530<\/strong> est un engrais de croissance et de maximisation de production.<\/p>\n","protected":false},"featured_media":4552,"template":"","meta":[],"product_brand":[],"product_cat":[69],"product_tag":[],"class_list":{"0":"post-3721","1":"product","2":"type-product","3":"status-publish","4":"has-post-thumbnail","6":"product_cat-engrais-bio","8":"first","9":"instock","10":"shipping-taxable","11":"purchasable","12":"product-type-simple"},"_links":{"self":[{"href":"https:\/\/www.cmspurisol.ci\/fr_fr\/wp-json\/wp\/v2\/product\/3721","targetHints":{"allow":["GET"]}}],"collection":[{"href":"https:\/\/www.cmspurisol.ci\/fr_fr\/wp-json\/wp\/v2\/product"}],"about":[{"href":"https:\/\/www.cmspurisol.ci\/fr_fr\/wp-json\/wp\/v2\/types\/product"}],"wp:featuredmedia":[{"embeddable":true,"href":"https:\/\/www.cmspurisol.ci\/fr_fr\/wp-json\/wp\/v2\/media\/4552"}],"wp:attachment":[{"href":"https:\/\/www.cmspurisol.ci\/fr_fr\/wp-json\/wp\/v2\/media?parent=3721"}],"wp:term":[{"taxonomy":"product_brand","embeddable":true,"href":"https:\/\/www.cmspurisol.ci\/fr_fr\/wp-json\/wp\/v2\/product_brand?post=3721"},{"taxonomy":"product_cat","embeddable":true,"href":"https:\/\/www.cmspurisol.ci\/fr_fr\/wp-json\/wp\/v2\/product_cat?post=3721"},{"taxonomy":"product_tag","embeddable":true,"href":"https:\/\/www.cmspurisol.ci\/fr_fr\/wp-json\/wp\/v2\/product_tag?post=3721"}],"curies":[{"name":"wp","href":"https:\/\/api.w.org\/{rel}","templated":true}]}}