{"id":72,"date":"2019-03-17T17:19:40","date_gmt":"2019-03-17T17:19:40","guid":{"rendered":"https:\/\/goya.everthemes.com\/demo-fashion\/?page_id=72"},"modified":"2023-04-12T10:34:22","modified_gmt":"2023-04-12T10:34:22","slug":"cgv","status":"publish","type":"page","link":"https:\/\/www.cmspurisol.ci\/fr_fr\/cgv\/","title":{"rendered":"Conditions g\u00e9n\u00e9rales de vente (CGV)"},"content":{"rendered":"<section class=\"wpb-content-wrapper\"><div  class=\"sec_row container\"><div class=\"vc_row wpb_row vc_row-fluid\"><div class=\"wpb_column vc_column_container vc_col-sm-12 et-dark-column\"><div class=\"vc_column-inner\"><div class=\"wpb_wrapper\">\n\t<div class=\"wpb_text_column wpb_content_element  \" >\n\t\t<div class=\"wpb_wrapper\">\n\t\t\t<p>1. La date de livraison est donn\u00e9e \u00e0 titre indicatif, tout retard ind\u00e9pendamment de notre volont\u00e9 n\u2019apporte aucun changement aux conditions g\u00e9n\u00e9rales de vente.<\/p>\n<p>2. L\u2019acheteur s\u2019engage \u00e0 payer \u00e0 la CMS le co\u00fbt total y compris les frais de livraison avant exp\u00e9dition des marchandises.<\/p>\n<p>3. Tous les frais, droit de timbre d\u2019enregistrement et honoraires pouvant intervenir seront support\u00e9s par l\u2019acheteur et sont payables d\u2019avance.<\/p>\n<p>4. La CMS d\u00e9cline toutes responsabilit\u00e9s en cas de vol, perte, incendie ou tout autre \u00e9v\u00e8nement malheureux impr\u00e9visible.<\/p>\n<p>5. Les marchandises livr\u00e9es ne peuvent pas \u00eatre reprises ni \u00e9chang\u00e9es.<\/p>\n<p>6. Tous litiges qui pourraient s\u2019\u00e9lever sera d\u2019abord r\u00e9gl\u00e9 amicalement.<\/p>\n<p>7. Toute marchandise vendue ne peut en aucun cas \u00eatre rembours\u00e9.<\/p>\n<p>8. Par d\u00e9rogation, il est \u00e0 pr\u00e9ciser qu\u2019en cas de litige, le tribunal d\u2019Abidjan sera seul comp\u00e9tant.<\/p>\n<p>&nbsp;<\/p>\n\n\t\t<\/div>\n\t<\/div>\n<\/div><\/div><\/div><\/div><\/div>\n<\/section>","protected":false},"excerpt":{"rendered":"1. La date de livraison est donn\u00e9e \u00e0 titre indicatif, tout retard ind\u00e9pendamment de notre volont\u00e9 n\u2019apporte aucun changement aux conditions g\u00e9n\u00e9rales de vente. 2. L\u2019acheteur s\u2019engage \u00e0 payer \u00e0 la CMS le co\u00fbt total y compris les frais de livraison avant exp\u00e9dition des marchandises. 3. Tous les frais, droit&hellip;","protected":false},"author":1,"featured_media":0,"parent":0,"menu_order":0,"comment_status":"closed","ping_status":"closed","template":"","meta":{"footnotes":""},"class_list":["post-72","page","type-page","status-publish","hentry"],"_links":{"self":[{"href":"https:\/\/www.cmspurisol.ci\/fr_fr\/wp-json\/wp\/v2\/pages\/72","targetHints":{"allow":["GET"]}}],"collection":[{"href":"https:\/\/www.cmspurisol.ci\/fr_fr\/wp-json\/wp\/v2\/pages"}],"about":[{"href":"https:\/\/www.cmspurisol.ci\/fr_fr\/wp-json\/wp\/v2\/types\/page"}],"author":[{"embeddable":true,"href":"https:\/\/www.cmspurisol.ci\/fr_fr\/wp-json\/wp\/v2\/users\/1"}],"replies":[{"embeddable":true,"href":"https:\/\/www.cmspurisol.ci\/fr_fr\/wp-json\/wp\/v2\/comments?post=72"}],"version-history":[{"count":4,"href":"https:\/\/www.cmspurisol.ci\/fr_fr\/wp-json\/wp\/v2\/pages\/72\/revisions"}],"predecessor-version":[{"id":4378,"href":"https:\/\/www.cmspurisol.ci\/fr_fr\/wp-json\/wp\/v2\/pages\/72\/revisions\/4378"}],"wp:attachment":[{"href":"https:\/\/www.cmspurisol.ci\/fr_fr\/wp-json\/wp\/v2\/media?parent=72"}],"curies":[{"name":"wp","href":"https:\/\/api.w.org\/{rel}","templated":true}]}}