{"id":3109,"date":"2019-10-24T00:57:41","date_gmt":"2019-10-24T00:57:41","guid":{"rendered":"https:\/\/goya.everthemes.com\/demo-fashion\/?page_id=3109"},"modified":"2023-04-10T19:08:45","modified_gmt":"2023-04-10T19:08:45","slug":"politique-de-confidentialite","status":"publish","type":"page","link":"https:\/\/www.cmspurisol.ci\/fr_fr\/politique-de-confidentialite\/","title":{"rendered":"Politique de confidentialit\u00e9"},"content":{"rendered":"<section class=\"wpb-content-wrapper\"><div  class=\"sec_row container\"><div class=\"vc_row wpb_row vc_row-fluid\"><div class=\"wpb_column vc_column_container vc_col-sm-12 et-dark-column\"><div class=\"vc_column-inner\"><div class=\"wpb_wrapper\">\n\t<div class=\"wpb_text_column wpb_content_element  \" >\n\t\t<div class=\"wpb_wrapper\">\n\t\t\t<p><strong>Qui sommes-nous ?<\/strong><\/p>\n<p><strong>Commerce Management Services (CMS)<\/strong> est une entreprise dont le si\u00e8ge social est \u00e0 Anyama, pr\u00e8s de l&rsquo;h\u00f4pital. L&rsquo;adresse mail de service pour tout avis juridique est la suivante : cms.purisol@gmail.com<\/p>\n<p>Cette notification de confidentialit\u00e9 et de cookies fournit des informations sur la fa\u00e7on dont la CMS collecte et traite vos donn\u00e9es personnelles lorsque vous visitez le site Web de notre boutique.<\/p>\n<p><strong>Quelles donn\u00e9es personnelles nous collectons sur vous ?<\/strong><\/p>\n<p><!-- \/wp:post-content -->Nous collectons vos donn\u00e9es personnelles afin de fournir et d&rsquo;am\u00e9liorer continuellement nos produits et services sur la boutique.\u00a0\u00a0Nous pouvons collecter, utiliser, stocker et transf\u00e9rer les diff\u00e9rents types de donn\u00e9es personnelles suivantes vous concernant:<\/p>\n<ul>\n<li>vos donn\u00e9es d&rsquo;identit\u00e9, vos coordonn\u00e9es, votre adresse de livraison.<\/li>\n<li>vos informations sur votre utilisation de notre site Web, y compris des informations sur vos recherches, vues, t\u00e9l\u00e9chargements et achats.<\/li>\n<li>vos informations provenant de tiers et de sources accessibles au public : transporteurs, prestataires de services de paiement, marchands, prestataires de services publicitaires<\/li>\n<\/ul>\n<p><strong>Comment utilisons les cookies ?<\/strong><\/p>\n<p><!-- \/wp:heading -->Un cookie est un petit fichier d\u00e9pos\u00e9 sur votre disque dur lors de la consultation de notre site web, et qui conserve des informations en vue d&rsquo;une connexion ult\u00e9rieure. Vous pouvez accepter son utilisation ou la d\u00e9cliner sans que cela ne vous emp\u00eache de naviguer sur notre site.<\/p>\n<div class=\"vmod\">\n<div class=\"vmod\" data-topic=\"\">\n<div>\n<div class=\"vmod\">\n<div class=\"thODed\">\n<div class=\"LTKOO sY7ric\" data-topic=\"\">\n<div>\n<div class=\"LTKOO sY7ric\">\n<div>\n<div data-dobid=\"dfn\">\n<p>Les cookies nous permettent de vous distinguer des autres utilisateurs de notre site Web. Ce qui nous aide \u00e0 vous offrir une exp\u00e9rience de navigation am\u00e9lior\u00e9e, entre autres :<\/p>\n<ul>\n<li>Identifier et compter les visiteurs et conna\u00eetre leur comportement sur le site<\/li>\n<li>Identifier vos pr\u00e9f\u00e9rences (articles enregistr\u00e9s, articles stock\u00e9s dans votre panier)<\/li>\n<li>Envoyer des messages commerciaux ou publicitaires adapt\u00e9s \u00e0 vos int\u00e9r\u00eats.<\/li>\n<\/ul>\n<p><strong>Comment utilisons-nous vos donn\u00e9es personnelles ?<\/strong><\/p>\n<\/div>\n<\/div>\n<\/div>\n<\/div>\n<\/div>\n<\/div>\n<\/div>\n<\/div>\n<\/div>\n<\/div>\n<p>Vos donn\u00e9es personnelles sont utilis\u00e9es pour exploiter, fournir, d\u00e9velopper et am\u00e9liorer les produits et services que nous proposons, notamment les suivants:<\/p>\n<ul>\n<li>Vous inscrire en tant que nouveau client.<\/li>\n<li>Traiter et livrer vos commandes<\/li>\n<li>G\u00e9rer votre relation avec notre boutique<\/li>\n<li>Vous permettre de participer \u00e0 des promotions ou des concours<\/li>\n<li>Am\u00e9liorer notre site Web et ses produits et services<\/li>\n<li>Recommander des produits ou services susceptibles de vous int\u00e9resser<\/li>\n<li>Respecter nos obligations l\u00e9gales (v\u00e9rification de votre identit\u00e9, si besoin est)<\/li>\n<\/ul>\n<p><strong>Comment nous partageons vos donn\u00e9es personnelles ?<\/strong><\/p>\n<p><!-- \/wp:heading -->Il arrive parfois que nous soyons amen\u00e9s \u00e0 partager vos donn\u00e9es personnelles avec des tiers. Si cela arrive, c&rsquo;est purement aux fins suivantes :<\/p>\n<ul>\n<li>Vente de produits et services achet\u00e9s sur notre site afin d&rsquo;\u00eatre livr\u00e9s \u00e0 des tiers<\/li>\n<li>Collaboration avec des prestataires de services tiers : ex\u00e9cution des commandes de produits ou de services, analyse des donn\u00e9es, traitement des paiements, transmission de contenu, etc.<\/li>\n<\/ul>\n<p>Lorsque nous partageons vos donn\u00e9es personnelles avec des tiers, nous leur exigeons ceci :<\/p>\n<ul>\n<li>accepter d&rsquo;utiliser vos donn\u00e9es conform\u00e9ment aux termes de la pr\u00e9sente politique de confidentialit\u00e9 et de protection des donn\u00e9es et \u00e0 la loi en vigueur;<\/li>\n<li>traiter vos donn\u00e9es personnelles uniquement \u00e0 des fins sp\u00e9cifi\u00e9es et conform\u00e9ment \u00e0 nos instructions.<\/li>\n<\/ul>\n<p><strong>Comment g\u00e9rons-nous les transferts internationaux de vos donn\u00e9es personnelles ?<\/strong><\/p>\n<p>Pour certaines raisons, nous pouvons \u00eatre amen\u00e9 \u00e0 transf\u00e9rer vos donn\u00e9es personnelles vers des emplacements dans un autre pays. Si tel est le cas,\u00a0 nous mettrons en place les mesures n\u00e9cessaires pour prot\u00e9ger celles-ci, conform\u00e9ment aux termes de la pr\u00e9sente politique de confidentialit\u00e9.<\/p>\n<p><strong>Comment assurons-nous la s\u00e9curit\u00e9 de vos donn\u00e9es personnelles ?<\/strong><\/p>\n<p><!-- \/wp:heading -->Nous avons mis en place des mesures de s\u00e9curit\u00e9 appropri\u00e9es pour \u00e9viter que vos donn\u00e9es personnelles ne soient accidentellement perdues, utilis\u00e9es ou consult\u00e9es de mani\u00e8re non autoris\u00e9e, modifi\u00e9es ou divulgu\u00e9es.<\/p>\n<p>Quant aux personnes tierces, elles ne pourront traiter vos donn\u00e9es personnelles que sur nos instructions et sont soumises \u00e0 un devoir de confidentialit\u00e9.<\/p>\n<p><strong>Quels droits l\u00e9gaux avez-vous sur vos donn\u00e9es personnelles ?<\/strong><\/p>\n<p><!-- \/wp:heading -->Il est important que vos donn\u00e9es personnelles que nous d\u00e9tenons soient exactes et \u00e0 jour. Veuillez donc nous tenir inform\u00e9s en cas de changement.<\/p>\n<p>En vertu des lois sur la protection des donn\u00e9es en ce qui concerne vos donn\u00e9es personnelles, vous avez le droit d&rsquo;acc\u00e9der, de corriger ou de supprimer vos donn\u00e9es personnelles et le droit de vous opposer ou de restreindre le traitement de vos donn\u00e9es personnelles.<\/p>\n<p><strong>Comment exercer vos droits l\u00e9gaux \u00e0 l&rsquo;\u00e9gard de vos donn\u00e9es personnelles ?<\/strong><\/p>\n<p><!-- \/wp:heading -->Pour exercer vos droits l\u00e9gaux \u00e0 l&rsquo;\u00e9gard de vos donn\u00e9es personnelles, veuillez nous contacter \u00e0 l&rsquo;adresse email suivante : <strong>cms.purisol<u>@gmail.com.<\/u><\/strong><\/p>\n\n\t\t<\/div>\n\t<\/div>\n<\/div><\/div><\/div><\/div><\/div>\n<\/section>","protected":false},"excerpt":{"rendered":"Qui sommes-nous ? Commerce Management Services (CMS) est une entreprise dont le si\u00e8ge social est \u00e0 Anyama, pr\u00e8s de l'h\u00f4pital. L'adresse mail de service pour tout avis juridique est la suivante : cms.purisol@gmail.com Cette notification de confidentialit\u00e9 et de cookies fournit des informations sur la fa\u00e7on dont la CMS collecte&hellip;","protected":false},"author":1,"featured_media":0,"parent":0,"menu_order":0,"comment_status":"closed","ping_status":"closed","template":"","meta":{"footnotes":""},"class_list":["post-3109","page","type-page","status-publish","hentry"],"_links":{"self":[{"href":"https:\/\/www.cmspurisol.ci\/fr_fr\/wp-json\/wp\/v2\/pages\/3109","targetHints":{"allow":["GET"]}}],"collection":[{"href":"https:\/\/www.cmspurisol.ci\/fr_fr\/wp-json\/wp\/v2\/pages"}],"about":[{"href":"https:\/\/www.cmspurisol.ci\/fr_fr\/wp-json\/wp\/v2\/types\/page"}],"author":[{"embeddable":true,"href":"https:\/\/www.cmspurisol.ci\/fr_fr\/wp-json\/wp\/v2\/users\/1"}],"replies":[{"embeddable":true,"href":"https:\/\/www.cmspurisol.ci\/fr_fr\/wp-json\/wp\/v2\/comments?post=3109"}],"version-history":[{"count":3,"href":"https:\/\/www.cmspurisol.ci\/fr_fr\/wp-json\/wp\/v2\/pages\/3109\/revisions"}],"predecessor-version":[{"id":4371,"href":"https:\/\/www.cmspurisol.ci\/fr_fr\/wp-json\/wp\/v2\/pages\/3109\/revisions\/4371"}],"wp:attachment":[{"href":"https:\/\/www.cmspurisol.ci\/fr_fr\/wp-json\/wp\/v2\/media?parent=3109"}],"curies":[{"name":"wp","href":"https:\/\/api.w.org\/{rel}","templated":true}]}}