{"id":4496,"date":"2023-05-14T11:38:54","date_gmt":"2023-05-14T11:38:54","guid":{"rendered":"https:\/\/www.cmspurisol.ci\/?post_type=product&#038;p=4496"},"modified":"2026-03-20T20:40:11","modified_gmt":"2026-03-20T20:40:11","slug":"purisol-granule","status":"publish","type":"product","link":"https:\/\/www.cmspurisol.ci\/en\/product\/purisol-granule\/","title":{"rendered":"PURISOL GRANULE"},"content":{"rendered":"<div style=\"width: 848px;\" class=\"wp-video\"><video class=\"wp-video-shortcode\" id=\"video-4496-1\" width=\"848\" height=\"480\" preload=\"metadata\" controls=\"controls\"><source type=\"video\/mp4\" src=\"https:\/\/www.cmspurisol.ci\/wp-content\/uploads\/2023\/05\/VID-20260313-WA0000.mp4?_=1\" \/><a href=\"https:\/\/www.cmspurisol.ci\/wp-content\/uploads\/2023\/05\/VID-20260313-WA0000.mp4\">https:\/\/www.cmspurisol.ci\/wp-content\/uploads\/2023\/05\/VID-20260313-WA0000.mp4<\/a><\/video><\/div>\n<p>Purisol granul\u00e9 est un ensemble de mati\u00e8res organiques stabilis\u00e9es.<br \/>\nIl structure, r\u00e9g\u00e9n\u00e8re l\u2019humus par apport de carbone pure qui am\u00e9liore la diffusion et la disponibilit\u00e9 des \u00e9l\u00e9ments nutritif dans le sol. Il permet de limiter le lessivage et d\u2019amplifier tous les fertilisants organiques ou min\u00e9raux mis dans le sol. Il permet aux mycorhizes de s\u2019installer rapidement dans le sol. Il renforce la d\u00e9fense des plantes. Il peut \u00eatre incorpor\u00e9 \u00e0 tout type de sol. Il am\u00e9liore la r\u00e9tention d\u2019eau dans le sol. C\u2019est un amendement qui a une dur\u00e9e minimum de vie de 5 ans dans le sol.<br \/>\nIl permet de transformer les sols affaiblis en sols forestiers.<br \/>\nIl joue plusieurs r\u00f4les : un r\u00f4le alimentaire qui r\u00e9side dans la fourniture progressive des \u00e9l\u00e9ments nutritifs aux plantes cultiv\u00e9es, augmente et am\u00e9liore l\u2019activit\u00e9 biologique du sol.<br \/>\nSac de 20 kg. Il faut : 50 \u00e0 250 g par m\u00b2 Soit 0.5 \u00e0 2.5 tonnes par hectare<br \/>\nUse<br \/>\nEpandage en plantation : environ 24 \u00e0 125 sacs de Purisol granul\u00e9 pour 1ha. et 1 sac de granul\u00e9 pour 8 brouettes de terre pour la confection des terreaux de p\u00e9pini\u00e8res.<br \/>\nComposition : d\u00e9bris v\u00e9g\u00e9taux<\/p>\n<p>En entretien 12 sacs par hectare, une \u00e0 deux poign\u00e9es par m\u00b2<br \/>\nApport d\u2019humus en cas de d\u00e9ficit total 125 sacs par hectare.<\/p>","protected":false},"excerpt":{"rendered":"[video width=\"360\" height=\"640\" mp4=\"https:\/\/www.cmspurisol.ci\/wp-content\/uploads\/2023\/05\/Video-du-deuxieme-planteur-ayant-applique-lengrais-organique-Purisol.mp4\"][\/video]\n[video width=\"360\" height=\"640\" mp4=\"https:\/\/www.cmspurisol.ci\/wp-content\/uploads\/2023\/05\/WhatsApp-Video-2025-08-09-a-22.44.43_b1c089fd.mp4\"][\/video]\n<p>Produit restaurateur des terres agricoles.<\/p>\n","protected":false},"featured_media":4534,"template":"","meta":[],"product_brand":[],"product_cat":[69],"product_tag":[],"class_list":{"0":"post-4496","1":"product","2":"type-product","3":"status-publish","4":"has-post-thumbnail","6":"product_cat-engrais-bio","8":"first","9":"instock","10":"shipping-taxable","11":"purchasable","12":"product-type-simple"},"_links":{"self":[{"href":"https:\/\/www.cmspurisol.ci\/en\/wp-json\/wp\/v2\/product\/4496","targetHints":{"allow":["GET"]}}],"collection":[{"href":"https:\/\/www.cmspurisol.ci\/en\/wp-json\/wp\/v2\/product"}],"about":[{"href":"https:\/\/www.cmspurisol.ci\/en\/wp-json\/wp\/v2\/types\/product"}],"wp:featuredmedia":[{"embeddable":true,"href":"https:\/\/www.cmspurisol.ci\/en\/wp-json\/wp\/v2\/media\/4534"}],"wp:attachment":[{"href":"https:\/\/www.cmspurisol.ci\/en\/wp-json\/wp\/v2\/media?parent=4496"}],"wp:term":[{"taxonomy":"product_brand","embeddable":true,"href":"https:\/\/www.cmspurisol.ci\/en\/wp-json\/wp\/v2\/product_brand?post=4496"},{"taxonomy":"product_cat","embeddable":true,"href":"https:\/\/www.cmspurisol.ci\/en\/wp-json\/wp\/v2\/product_cat?post=4496"},{"taxonomy":"product_tag","embeddable":true,"href":"https:\/\/www.cmspurisol.ci\/en\/wp-json\/wp\/v2\/product_tag?post=4496"}],"curies":[{"name":"wp","href":"https:\/\/api.w.org\/{rel}","templated":true}]}}