{"id":4490,"date":"2023-05-14T00:15:00","date_gmt":"2023-05-14T00:15:00","guid":{"rendered":"https:\/\/www.cmspurisol.ci\/?post_type=product&#038;p=4490"},"modified":"2026-03-21T13:45:51","modified_gmt":"2026-03-21T13:45:51","slug":"conseils-et-formations-en-entrepreneuriat-agricole","status":"publish","type":"product","link":"https:\/\/www.cmspurisol.ci\/en\/product\/conseils-et-formations-en-entrepreneuriat-agricole\/","title":{"rendered":"conseils et formations en entrepreneuriat agricole"},"content":{"rendered":"<p>Au \u2013 del\u00e0 de toute consid\u00e9ration, l\u2019agriculture est un m\u00e9tier noble. Une bonne connaissance des techniques agricoles ainsi qu\u2019une bonne gestion de la production, sont des outils qui peuvent permettre :<\/p>\n<p>&#8211; L\u2019auto \u2013 emploi<br \/>\n&#8211; de lutter contre la pauvret\u00e9<br \/>\n&#8211; d\u2019am\u00e9liorer les rendements et l\u2019efficacit\u00e9 des entreprises cr\u00e9\u00e9es.<\/p>\n<p>1- OBJECTIF DE LA FORMATION<br \/>\nPermettre aux participants d\u2019acqu\u00e9rir le savoir et le savoir faire.<br \/>\nApr\u00e8s leur formation les apprenants doivent \u00eatre capables de cr\u00e9er leur propre entreprise agricole.<\/p>\n<p>2- PROFIL DES PARTICIPANTS<br \/>\nLe monde agricole ou toute autre personne d\u00e9sirant acqu\u00e9rir le savoir faire<br \/>\ndans le domaine agricole.<\/p>\n<p>3- CONTENU PEDAGOGIQUE<\/p>\n<p>CREATION DE PETITE ET MOYENNE ENTREPRISE<\/p>\n<p>&#8211; MODULE 1 : les cr\u00e9ations d\u2019entreprises agricoles<br \/>\n&#8211; MODULE 2 : la pr\u00e9vention fiscale agricole (calcul et paiement des imp\u00f4ts)<br \/>\n&#8211; MODULE 3 : la tenue de la comptabilit\u00e9 agricole (enregistrements et \u00e9ditions d\u2019\u00e9tats financiers simplifi\u00e9s).<\/p>\n<p>L\u2019ELEVAGE DE VOLAILLE<\/p>\n<p>&#8211; MODULE 4: Les techniques d\u2019\u00e9levage (du d\u00e9marrage \u00e0 la ponte)<\/p>\n<p>LA PRODUCTION VEGETALE<\/p>\n<p>&#8211; MODULE 5 : Les techniques pour bien produire les v\u00e9g\u00e9taux<\/p>\n<p>4 &#8211; METHODE ET PEDAGOGIE<\/p>\n<p>Les formations sont anim\u00e9s par des praticiens et autres techniciens du monde agricole. La formation est pratique et compr\u00e9hensible pour tous les niveaux d\u2019\u00e9tude. Il sera fourni aux participants des documents et des vid\u00e9os ainsi qu&rsquo;une attestation de participation pour le ou les modules concern\u00e9s.<\/p>","protected":false},"excerpt":{"rendered":"<p><img loading=\"lazy\" decoding=\"async\" class=\"alignnone size-medium wp-image-4555\" src=\"https:\/\/www.cmspurisol.ci\/wp-content\/uploads\/2023\/05\/Video_1_Moment3-300x169.jpg\" alt=\"PLANTATION DE BANANE \" width=\"300\" height=\"169\" srcset=\"https:\/\/www.cmspurisol.ci\/wp-content\/uploads\/2023\/05\/Video_1_Moment3-300x169.jpg 300w, https:\/\/www.cmspurisol.ci\/wp-content\/uploads\/2023\/05\/Video_1_Moment3-1024x576.jpg 1024w, https:\/\/www.cmspurisol.ci\/wp-content\/uploads\/2023\/05\/Video_1_Moment3-768x432.jpg 768w, https:\/\/www.cmspurisol.ci\/wp-content\/uploads\/2023\/05\/Video_1_Moment3-1536x864.jpg 1536w, https:\/\/www.cmspurisol.ci\/wp-content\/uploads\/2023\/05\/Video_1_Moment3-18x10.jpg 18w, https:\/\/www.cmspurisol.ci\/wp-content\/uploads\/2023\/05\/Video_1_Moment3-150x84.jpg 150w, https:\/\/www.cmspurisol.ci\/wp-content\/uploads\/2023\/05\/Video_1_Moment3-450x253.jpg 450w, https:\/\/www.cmspurisol.ci\/wp-content\/uploads\/2023\/05\/Video_1_Moment3-900x506.jpg 900w, https:\/\/www.cmspurisol.ci\/wp-content\/uploads\/2023\/05\/Video_1_Moment3.jpg 1920w\" sizes=\"auto, (max-width: 300px) 100vw, 300px\" \/><\/p>\n<p>La connaissance, c&rsquo;est la base de toutes r\u00e9ussites.<\/p>\n<p>Formations et conseils en production agricole saine et durable, une agriculture sans danger pour l&rsquo;homme et son environnement.<\/p>","protected":false},"featured_media":4535,"template":"","meta":[],"product_brand":[],"product_cat":[37],"product_tag":[],"class_list":{"0":"post-4490","1":"product","2":"type-product","3":"status-publish","4":"has-post-thumbnail","6":"product_cat-agriculture","8":"first","9":"instock","10":"shipping-taxable","11":"purchasable","12":"product-type-simple"},"_links":{"self":[{"href":"https:\/\/www.cmspurisol.ci\/en\/wp-json\/wp\/v2\/product\/4490","targetHints":{"allow":["GET"]}}],"collection":[{"href":"https:\/\/www.cmspurisol.ci\/en\/wp-json\/wp\/v2\/product"}],"about":[{"href":"https:\/\/www.cmspurisol.ci\/en\/wp-json\/wp\/v2\/types\/product"}],"wp:featuredmedia":[{"embeddable":true,"href":"https:\/\/www.cmspurisol.ci\/en\/wp-json\/wp\/v2\/media\/4535"}],"wp:attachment":[{"href":"https:\/\/www.cmspurisol.ci\/en\/wp-json\/wp\/v2\/media?parent=4490"}],"wp:term":[{"taxonomy":"product_brand","embeddable":true,"href":"https:\/\/www.cmspurisol.ci\/en\/wp-json\/wp\/v2\/product_brand?post=4490"},{"taxonomy":"product_cat","embeddable":true,"href":"https:\/\/www.cmspurisol.ci\/en\/wp-json\/wp\/v2\/product_cat?post=4490"},{"taxonomy":"product_tag","embeddable":true,"href":"https:\/\/www.cmspurisol.ci\/en\/wp-json\/wp\/v2\/product_tag?post=4490"}],"curies":[{"name":"wp","href":"https:\/\/api.w.org\/{rel}","templated":true}]}}