{"id":4487,"date":"2023-05-13T23:24:22","date_gmt":"2023-05-13T23:24:22","guid":{"rendered":"https:\/\/www.cmspurisol.ci\/?post_type=product&#038;p=4487"},"modified":"2026-03-20T20:29:39","modified_gmt":"2026-03-20T20:29:39","slug":"poulets-africains-ameliores","status":"publish","type":"product","link":"https:\/\/www.cmspurisol.ci\/en\/product\/poulets-africains-ameliores\/","title":{"rendered":"Poulets africains am\u00e9lior\u00e9s GAYADO"},"content":{"rendered":"<p>les poulets africains am\u00e9lior\u00e9s de la CMS sont des poulets qui ont une chair douce et ferme.<br \/>\nIls sont bon pour tout type d&rsquo;\u00e9levage.<\/p>","protected":false},"excerpt":{"rendered":"[video width=\"848\" height=\"480\" mp4=\"https:\/\/www.cmspurisol.ci\/wp-content\/uploads\/2023\/05\/tinywow_3028_88651773.mp4\"][\/video]\n[video width=\"848\" height=\"480\" mp4=\"https:\/\/www.cmspurisol.ci\/wp-content\/uploads\/2023\/05\/tinywow_3028_88651695.mp4\"][\/video]\n<p>les poulets africains am\u00e9lior\u00e9s de la CMS sont des poulets qui ont une chair douce et ferme.<\/p>\n","protected":false},"featured_media":4488,"template":"","meta":[],"product_brand":[],"product_cat":[54],"product_tag":[],"class_list":{"0":"post-4487","1":"product","2":"type-product","3":"status-publish","4":"has-post-thumbnail","6":"product_cat-elevage","8":"first","9":"instock","10":"shipping-taxable","11":"purchasable","12":"product-type-simple"},"_links":{"self":[{"href":"https:\/\/www.cmspurisol.ci\/en\/wp-json\/wp\/v2\/product\/4487","targetHints":{"allow":["GET"]}}],"collection":[{"href":"https:\/\/www.cmspurisol.ci\/en\/wp-json\/wp\/v2\/product"}],"about":[{"href":"https:\/\/www.cmspurisol.ci\/en\/wp-json\/wp\/v2\/types\/product"}],"wp:featuredmedia":[{"embeddable":true,"href":"https:\/\/www.cmspurisol.ci\/en\/wp-json\/wp\/v2\/media\/4488"}],"wp:attachment":[{"href":"https:\/\/www.cmspurisol.ci\/en\/wp-json\/wp\/v2\/media?parent=4487"}],"wp:term":[{"taxonomy":"product_brand","embeddable":true,"href":"https:\/\/www.cmspurisol.ci\/en\/wp-json\/wp\/v2\/product_brand?post=4487"},{"taxonomy":"product_cat","embeddable":true,"href":"https:\/\/www.cmspurisol.ci\/en\/wp-json\/wp\/v2\/product_cat?post=4487"},{"taxonomy":"product_tag","embeddable":true,"href":"https:\/\/www.cmspurisol.ci\/en\/wp-json\/wp\/v2\/product_tag?post=4487"}],"curies":[{"name":"wp","href":"https:\/\/api.w.org\/{rel}","templated":true}]}}