{"id":4356,"date":"2023-04-09T11:49:59","date_gmt":"2023-04-09T11:49:59","guid":{"rendered":"https:\/\/www.cmspurisol.ci\/?post_type=product&#038;p=4356"},"modified":"2026-03-21T13:24:09","modified_gmt":"2026-03-21T13:24:09","slug":"purisol-foliaire","status":"publish","type":"product","link":"https:\/\/www.cmspurisol.ci\/en\/product\/purisol-foliaire\/","title":{"rendered":"Purisol Foliar"},"content":{"rendered":"<p><strong>Purisol Foliar<\/strong> activates vegetation, strengthens plant resistance against cryptogamic diseases and parasitism, corrects nutrition disorders, strengthens drought resistance, improves yield and product quality.<\/p>\n<p>Sold in 500 ml can<\/p>\n<p><strong>Use <\/strong><\/p>\n<p>1 bouchon de Purisol foliaire, m\u00e9langer avec 15 litres d\u2019eau et pulv\u00e9riser sur les feuilles des plantes t\u00f4t le matin de 6h00 \u00e0 10h30 ou tard le soir de 16h00 \u00e0 18h00. Peut s&rsquo;appliquer au sol \u00e0 la m\u00eame dose.<\/p>\n<p><strong>Period of use<\/strong><\/p>\n<p>All the year round<\/p>\n<p><strong>Composition<\/strong><\/p>\n<p>D\u00e9bris v\u00e9g\u00e9taux .\u00a0 Solubilit\u00e9 100%<\/p>\n<p><em>Quick action; Doses of action<\/em><\/p>\n<p><strong>Applications\u00a0\u00a0\u00a0\u00a0\u00a0\u00a0\u00a0<\/strong><\/p>\n<p><em>Doses<\/em><\/p>\n<p><strong>In maintenance and prevention:<\/strong> 3 caps for 15 litres of water once every three months<\/p>\n<p><strong>En curatif :<\/strong> 3 bouchons pour 15 litres d\u2019eau une fois tous les 3 mois.<\/p>\n<p>Packaging: <strong>Pot<\/strong><\/p>\n<p>Weight\/Capacity: <strong>500 ml<\/strong><\/p>","protected":false},"excerpt":{"rendered":"<p>&nbsp;<\/p>\n[video width=\"1920\" height=\"1080\" mp4=\"https:\/\/www.cmspurisol.ci\/wp-content\/uploads\/2023\/04\/tinywow_tinywow1-Nouvelle-video_75767200_75791317.mp4\"][\/video]\n[video width=\"368\" height=\"656\" mp4=\"https:\/\/www.cmspurisol.ci\/wp-content\/uploads\/2023\/04\/VID-20250815-WA0003.mp4\"][\/video]\n<p><strong>Purisol Foliaire<\/strong> active la v\u00e9g\u00e9tation, renforce la r\u00e9sistance des plantes contre les maladies cryptogamiques et le parasitisme, corrige les troubles de nutrition, renforce la r\u00e9sistance \u00e0 la s\u00e9cheresse, am\u00e9liore le rendement et la qualit\u00e9 des produits.<\/p>\n","protected":false},"featured_media":4537,"template":"","meta":[],"product_brand":[],"product_cat":[69],"product_tag":[],"class_list":{"0":"post-4356","1":"product","2":"type-product","3":"status-publish","4":"has-post-thumbnail","6":"product_cat-engrais-bio","8":"first","9":"instock","10":"shipping-taxable","11":"purchasable","12":"product-type-simple"},"_links":{"self":[{"href":"https:\/\/www.cmspurisol.ci\/en\/wp-json\/wp\/v2\/product\/4356","targetHints":{"allow":["GET"]}}],"collection":[{"href":"https:\/\/www.cmspurisol.ci\/en\/wp-json\/wp\/v2\/product"}],"about":[{"href":"https:\/\/www.cmspurisol.ci\/en\/wp-json\/wp\/v2\/types\/product"}],"wp:featuredmedia":[{"embeddable":true,"href":"https:\/\/www.cmspurisol.ci\/en\/wp-json\/wp\/v2\/media\/4537"}],"wp:attachment":[{"href":"https:\/\/www.cmspurisol.ci\/en\/wp-json\/wp\/v2\/media?parent=4356"}],"wp:term":[{"taxonomy":"product_brand","embeddable":true,"href":"https:\/\/www.cmspurisol.ci\/en\/wp-json\/wp\/v2\/product_brand?post=4356"},{"taxonomy":"product_cat","embeddable":true,"href":"https:\/\/www.cmspurisol.ci\/en\/wp-json\/wp\/v2\/product_cat?post=4356"},{"taxonomy":"product_tag","embeddable":true,"href":"https:\/\/www.cmspurisol.ci\/en\/wp-json\/wp\/v2\/product_tag?post=4356"}],"curies":[{"name":"wp","href":"https:\/\/api.w.org\/{rel}","templated":true}]}}