{"id":129,"date":"2019-03-20T04:12:33","date_gmt":"2019-03-20T04:12:33","guid":{"rendered":"https:\/\/goya.everthemes.com\/demo-fashion\/?page_id=129"},"modified":"2023-04-20T20:47:15","modified_gmt":"2023-04-20T20:47:15","slug":"entreprise","status":"publish","type":"page","link":"https:\/\/www.cmspurisol.ci\/en\/entreprise\/","title":{"rendered":"Company"},"content":{"rendered":"<section class=\"wpb-content-wrapper\"><div  class=\"sec_row container-fluid\"><div class=\"vc_row wpb_row vc_row-fluid no-padding video-bg-row vc_custom_1681994513120 vc_row-has-fill vc_row-o-full-height vc_row-o-columns-stretch vc_row-o-equal-height vc_row-o-content-middle vc_row-flex\"><div class=\"wpb_column vc_column_container vc_col-sm-12 et-dark-column\"><div class=\"vc_column-inner\"><div class=\"wpb_wrapper\"><div class=\"vc_row wpb_row vc_inner vc_row-fluid vc_custom_1682023563871 vc_row-has-fill vc_row-o-equal-height vc_row-o-content-middle vc_row-flex\"><div class=\"wpb_column vc_column_container vc_col-sm-6 et-dark-column\"><div class=\"vc_column-inner  vc_custom_1682023404577\"><div class=\"wpb_wrapper\">\n\t<div class=\"wpb_text_column wpb_content_element animation bottom-to-top  vc_custom_1680953279764\" >\n\t\t<div class=\"wpb_wrapper\">\n\t\t\t<h1 style=\"text-align: center;\">CMS<\/h1>\n<blockquote>\n<p style=\"text-align: center;\" class=\"translation-block\">A multi-service company resolutely focused on providing quality products and services for businesses and individuals<\/p>\n<\/blockquote>\n\n\t\t<\/div>\n\t<\/div>\n<\/div><\/div><\/div><\/div><\/div><\/div><\/div><\/div><\/div><div  class=\"sec_row container-fluid\"><div class=\"vc_row wpb_row vc_row-fluid no-padding vc_custom_1588129008197 vc_row-has-fill\"><div class=\"wpb_column vc_column_container vc_col-sm-12 et-dark-column\"><div class=\"vc_column-inner\"><div class=\"wpb_wrapper\"><div class=\"vc_row wpb_row vc_inner vc_row-fluid max_width align-center align-center vc_row-o-equal-height vc_row-flex\"><div class=\"wpb_column vc_column_container animation bottom-to-top vc_col-sm-12 vc_col-lg-5 et-dark-column\"><div class=\"vc_column-inner\"><div class=\"wpb_wrapper\">\n\t<div class=\"wpb_text_column wpb_content_element\" >\n\t\t<div class=\"wpb_wrapper\">\n\t\t\t<h2 style=\"text-align: center;\">About our company<\/h2>\n\n\t\t<\/div>\n\t<\/div>\n<\/div><\/div><\/div><\/div><div class=\"vc_row wpb_row vc_inner vc_row-fluid max_width align-center align-center vc_row-o-equal-height vc_row-flex\"><div class=\"wpb_column vc_column_container animation bottom-to-top vc_col-sm-12 vc_col-lg-4 et-dark-column\"><div class=\"vc_column-inner\"><div class=\"wpb_wrapper\">\n\t<div  class=\"wpb_single_image wpb_content_element vc_align_left\">\n\t\t\n\t\t<figure class=\"wpb_wrapper vc_figure\">\n\t\t\t<div class=\"vc_single_image-wrapper   vc_box_border_grey\"><img loading=\"lazy\" decoding=\"async\" width=\"570\" height=\"690\" src=\"https:\/\/www.cmspurisol.ci\/wp-content\/uploads\/2023\/04\/bureaucms.jpg\" class=\"vc_single_image-img attachment-large\" alt=\"\" title=\"bureaucms\" srcset=\"https:\/\/www.cmspurisol.ci\/wp-content\/uploads\/2023\/04\/bureaucms.jpg 570w, https:\/\/www.cmspurisol.ci\/wp-content\/uploads\/2023\/04\/bureaucms-248x300.jpg 248w, https:\/\/www.cmspurisol.ci\/wp-content\/uploads\/2023\/04\/bureaucms-10x12.jpg 10w, https:\/\/www.cmspurisol.ci\/wp-content\/uploads\/2023\/04\/bureaucms-124x150.jpg 124w, https:\/\/www.cmspurisol.ci\/wp-content\/uploads\/2023\/04\/bureaucms-450x545.jpg 450w\" sizes=\"auto, (max-width: 570px) 100vw, 570px\" \/><\/div>\n\t\t<\/figure>\n\t<\/div>\n<\/div><\/div><\/div><div class=\"wpb_column vc_column_container animation bottom-to-top vc_col-sm-12 vc_col-lg-4 et-dark-column\"><div class=\"vc_column-inner\"><div class=\"wpb_wrapper\">\n\t<div class=\"wpb_text_column wpb_content_element\" >\n\t\t<div class=\"wpb_wrapper\">\n\t\t\t<p class=\"translation-block\"><strong>CMS <\/strong> is a company that operates mainly in the fields of commerce, management and services. After several years of research, study and experimentation, it acquired the knowledge and know-how to make the fruits of her research available to the population.<\/p>\n<p>In addition to crop production, the company has also developed know-how in other fields such as: poultry breeding, the manufacture of artisanal incubators, the production of organic poultry feed, short-term training in crop production, poultry production, business management, manufacture of cosmetic products (soap, oil, ointment, etc.).<\/p>\n\n\t\t<\/div>\n\t<\/div>\n<\/div><\/div><\/div><\/div><\/div><\/div><\/div><\/div><\/div>\n<\/section>","protected":false},"excerpt":{"rendered":"La CMS \u00ab Une entreprise multiservices r\u00e9solument tourn\u00e9e vers la fourniture de produits et services de qualit\u00e9 pour les entreprises et les particuliers \u00bb \u00c0 propos de notre entreprise CMS est une entreprise qui \u00e9volue principalement dans les domaines du commerce, du management et des Services. Apr\u00e8s plusieurs ann\u00e9es de&hellip;","protected":false},"author":1,"featured_media":0,"parent":0,"menu_order":0,"comment_status":"closed","ping_status":"closed","template":"","meta":{"footnotes":""},"class_list":["post-129","page","type-page","status-publish","hentry"],"_links":{"self":[{"href":"https:\/\/www.cmspurisol.ci\/en\/wp-json\/wp\/v2\/pages\/129","targetHints":{"allow":["GET"]}}],"collection":[{"href":"https:\/\/www.cmspurisol.ci\/en\/wp-json\/wp\/v2\/pages"}],"about":[{"href":"https:\/\/www.cmspurisol.ci\/en\/wp-json\/wp\/v2\/types\/page"}],"author":[{"embeddable":true,"href":"https:\/\/www.cmspurisol.ci\/en\/wp-json\/wp\/v2\/users\/1"}],"replies":[{"embeddable":true,"href":"https:\/\/www.cmspurisol.ci\/en\/wp-json\/wp\/v2\/comments?post=129"}],"version-history":[{"count":10,"href":"https:\/\/www.cmspurisol.ci\/en\/wp-json\/wp\/v2\/pages\/129\/revisions"}],"predecessor-version":[{"id":4445,"href":"https:\/\/www.cmspurisol.ci\/en\/wp-json\/wp\/v2\/pages\/129\/revisions\/4445"}],"wp:attachment":[{"href":"https:\/\/www.cmspurisol.ci\/en\/wp-json\/wp\/v2\/media?parent=129"}],"curies":[{"name":"wp","href":"https:\/\/api.w.org\/{rel}","templated":true}]}}